{"id":29812,"date":"2024-04-11T01:27:09","date_gmt":"2024-04-11T08:27:09","guid":{"rendered":"https:\/\/sheenhairvietnam.com\/?post_type=product&#038;p=29812"},"modified":"2026-04-22T03:11:01","modified_gmt":"2026-04-22T10:11:01","slug":"kupferfarbene-haarfarbe","status":"publish","type":"product","link":"https:\/\/sheenhairvietnam.com\/de\/produkt\/kupferfarbene-haarfarbe\/","title":{"rendered":"Kupferfarbene Haarfarbe: Gr\u00fcnde, warum 22-Zoll Bulk Bundles der ultimative Sommertrend sind &#8211; Best Quality hair"},"content":{"rendered":"<div id=\"model-response-message-contentr_881bc3f15b5132c6\" class=\"markdown markdown-main-panel enable-updated-hr-color\" dir=\"ltr\" aria-live=\"off\" aria-busy=\"false\">\n<h2 data-path-to-node=\"5\"><span style=\"color: #000000;\">Der strahlende Aufstieg der \u201eSummer Glow\u201c-\u00c4sthetik<\/span><\/h2>\n<p data-path-to-node=\"6\"><span style=\"color: #000000;\">Mit steigenden Temperaturen w\u00e4chst auch die Nachfrage nach warmen Farbt\u00f6nen im Haarbereich. F\u00fcr Distributoren und Salonbesitzer bedeutet Erfolg, dem Trend einen Schritt voraus zu sein. In diesem Jahr ist das Urteil eindeutig: Kupferfarbene Haarfarbe\u00a0(Kupfer) ist der unangefochtene Champion der Sommersaison.<\/span><\/p>\n<p data-path-to-node=\"7\"><span style=\"color: #000000;\">Bei <b data-path-to-node=\"7\" data-index-in-node=\"4\">Sheen Hair Vietnam<\/b> verzeichnen wir einen massiven Anstieg der Anfragen f\u00fcr unsere 22-Zoll Kupferfarbene Haarfarbe. Warum? Weil diese spezifische Kombination aus L\u00e4nge und Farbton die perfekte Mischung aus High-Fashion-Luxus und m\u00fcheloser Sommer-Eleganz bietet. F\u00fcr einen Salon-Profi ist ein stabiler Vorrat an hochwertigem Kupferhaar nicht nur das Verfolgen eines Trends \u2013 es geht darum, Ihren Kunden ein transformatives Erlebnis zu bieten, das weit \u00fcber den Urlaub hinaus anh\u00e4lt.<\/span><\/p>\n<hr data-path-to-node=\"8\" \/>\n<h2 data-path-to-node=\"9\"><span style=\"color: #000000;\">1. Warum 22-Zoll Kupferfarbene Haarfarbe ein Muss f\u00fcr jeden Salon sind<\/span><\/h2>\n<p data-path-to-node=\"10\"><span style=\"color: #000000;\">Bei der Auswahl des Inventars f\u00fcr den Sommer ist die 22-Zoll-L\u00e4nge (ca. 55 cm) aus mehreren Gr\u00fcnden der \u201eSweet Spot\u201c:<\/span><\/p>\n<ul data-path-to-node=\"11\">\n<li>\n<p data-path-to-node=\"11,0,0\"><span style=\"color: #000000;\"><b data-path-to-node=\"11,0,0\" data-index-in-node=\"0\">Vielseitigkeit:<\/b> Mit 22 Zoll ist das Haar lang genug f\u00fcr dramatische Verwandlungen, bleibt aber alltagstauglich f\u00fcr Sommeraktivit\u00e4ten wie Strandbesuche oder Poolpartys.<\/span><\/p>\n<\/li>\n<li>\n<p data-path-to-node=\"11,1,0\"><span style=\"color: #000000;\"><b data-path-to-node=\"11,1,0\" data-index-in-node=\"0\">Individualisierung:<\/b> Da es sich um <b data-path-to-node=\"11,1,0\" data-index-in-node=\"34\">Bulk Bundles<\/b> (loses Haar) handelt, haben Salon-Experten die Freiheit, das Haar f\u00fcr Flechtfrisuren, ma\u00dfgeschneiderte Keratin-Bondings oder Volumen-Tressen zu verwenden.<\/span><\/p>\n<\/li>\n<li>\n<p data-path-to-node=\"11,2,0\"><span style=\"color: #000000;\"><b data-path-to-node=\"11,2,0\" data-index-in-node=\"0\">Der \u201eKupferfarbene Haarfarbe\u201c-Effekt:<\/b> Kupfert\u00f6ne reflektieren das Sonnenlicht wundersch\u00f6n. Auf einer 22-Zoll-Fl\u00e4che erzeugt das Lichtspiel einen multidimensionalen Glanz, den k\u00fcrzere L\u00e4ngen einfach nicht erreichen k\u00f6nnen.<\/span><\/p>\n<\/li>\n<\/ul>\n<hr data-path-to-node=\"12\" \/>\n<h2 data-path-to-node=\"13\"><span style=\"color: #000000;\">2. Technische Qualit\u00e4t: Mehr als nur ein lebendiger Farbton<\/span><\/h2>\n<p data-path-to-node=\"14\"><span style=\"color: #000000;\">Ein h\u00e4ufiges Problem bei Trendfarben wie Kupferfarbene Haarfarbe\u00a0ist das Risiko, dass das Haar trocken wird oder die Schuppenschicht durch den Aufhellungsprozess gesch\u00e4digt wird. Hier ist es entscheidend, einer <b data-path-to-node=\"14\" data-index-in-node=\"205\">Haarfabrik zu vertrauen<\/b>, die \u00fcber das n\u00f6tige technische Know-how verf\u00fcgt.<\/span><\/p>\n<h3 data-path-to-node=\"15\"><span style=\"color: #000000;\"><b data-path-to-node=\"15\" data-index-in-node=\"0\">Der F\u00e4rbeprozess bei Sheen Hair<\/b><\/span><\/h3>\n<p data-path-to-node=\"16\"><span style=\"color: #000000;\">Im Gegensatz zu massengefertigtem \u201eBillighaar\u201c, das mit aggressiven Textilfarben gef\u00e4rbt wird, entstehen unsere Kupferfarbene Haarfarbe durch einen sanften Prozess der langsamen Pigmentierung. Wir beginnen mit <b data-path-to-node=\"16\" data-index-in-node=\"201\">100 % Raw Vietnamese Hair<\/b>. Da das Rohmaterial so kr\u00e4ftig ist, kann es die Kupferpigmente tief in der Faserschicht speichern, ohne die strukturelle Integrit\u00e4t des Haares zu gef\u00e4hrden.<\/span><\/p>\n<figure id=\"attachment_25447\" aria-describedby=\"caption-attachment-25447\" style=\"width: 1920px\" class=\"wp-caption alignnone\"><img decoding=\"async\" class=\"size-full wp-image-25447\" src=\"http:\/\/sheenhairvietnam.com\/wp-content\/uploads\/2024\/04\/SHEEN-HAIR-BULK-COPPER-ORANGE2.jpg\" alt=\"Cabello cobrizo Strahlendes Kupferfarbene Haarfarbe auf 100 % Raw Vietnamese Hair \u2013 Glanz, der den ganzen Sommer h\u00e4lt\" width=\"1920\" height=\"2560\" title=\"\" srcset=\"https:\/\/sheenhairvietnam.com\/wp-content\/uploads\/2024\/04\/SHEEN-HAIR-BULK-COPPER-ORANGE2.jpg 1920w, https:\/\/sheenhairvietnam.com\/wp-content\/uploads\/2024\/04\/SHEEN-HAIR-BULK-COPPER-ORANGE2-225x300.jpg 225w, https:\/\/sheenhairvietnam.com\/wp-content\/uploads\/2024\/04\/SHEEN-HAIR-BULK-COPPER-ORANGE2-768x1024.jpg 768w, https:\/\/sheenhairvietnam.com\/wp-content\/uploads\/2024\/04\/SHEEN-HAIR-BULK-COPPER-ORANGE2-1152x1536.jpg 1152w, https:\/\/sheenhairvietnam.com\/wp-content\/uploads\/2024\/04\/SHEEN-HAIR-BULK-COPPER-ORANGE2-1536x2048.jpg 1536w, https:\/\/sheenhairvietnam.com\/wp-content\/uploads\/2024\/04\/SHEEN-HAIR-BULK-COPPER-ORANGE2-600x800.jpg 600w\" sizes=\"(max-width: 1920px) 100vw, 1920px\" \/><figcaption id=\"caption-attachment-25447\" class=\"wp-caption-text\"><span style=\"color: #000000;\">Strahlendes Kupferfarbene Haarfarbe auf 100 % Raw Vietnamese Hair \u2013 Glanz, der den ganzen Sommer h\u00e4lt<\/span><\/figcaption><\/figure>\n<hr data-path-to-node=\"18\" \/>\n<h2 data-path-to-node=\"19\"><span style=\"color: #000000;\">3. St\u00e4rken-Verh\u00e4ltnisse (Ratios): F\u00fcr luxuri\u00f6ses Volumen<\/span><\/h2>\n<p data-path-to-node=\"20\"><span style=\"color: #000000;\">F\u00fcr einen \u201ePremium\u201c-Look m\u00fcssen die Haarspitzen gesund und voll aussehen. Ein 22-Zoll Bundle, das unten d\u00fcnn und \u201efisselig\u201c ist, wirkt minderwertig. Bei Sheen Hair Vietnam empfehlen wir zwei spezifische Ratios f\u00fcr unsere Copper-Kollektion:<\/span><\/p>\n<ul data-path-to-node=\"21\">\n<li>\n<p data-path-to-node=\"21,0,0\"><span style=\"color: #000000;\"><b data-path-to-node=\"21,0,0\" data-index-in-node=\"0\">Super Ratio (55-60 %):<\/b> Unsere beliebteste Wahl f\u00fcr 22-Zoll Haar. Es garantiert gleichm\u00e4\u00dfiges Volumen von der Mitte bis in die Spitzen.<\/span><\/p>\n<\/li>\n<li>\n<p data-path-to-node=\"21,1,0\"><span style=\"color: #000000;\"><b data-path-to-node=\"21,1,0\" data-index-in-node=\"0\">Premium Ratio (80 %):<\/b> Der \u201eHeilige Gral\u201c f\u00fcr Luxus-Salons. Dieses Verh\u00e4ltnis bietet ein extrem volles Ende (Root-to-Tip), wodurch die Kupferfarbene Haarfarbe\u00a0noch exklusiver und hochwertiger wirkt.<\/span><\/p>\n<\/li>\n<\/ul>\n<hr data-path-to-node=\"22\" \/>\n<h2 data-path-to-node=\"23\"><span style=\"color: #000000;\">4. Pflege-Geheimnisse f\u00fcr Kupferhaar im Sommer<\/span><\/h2>\n<p data-path-to-node=\"24\"><span style=\"color: #000000;\">Distributoren sollten ihre Salon-Kunden dar\u00fcber aufkl\u00e4ren, wie sie diese Farbe lebendig halten. Sommereinfl\u00fcsse wie UV-Strahlen, Chlor und Salzwasser sind die Feinde von Rot- und Kupferpigmenten.<\/span><\/p>\n<p data-path-to-node=\"25\"><span style=\"color: #000000;\"><b data-path-to-node=\"25\" data-index-in-node=\"0\">Profitipps f\u00fcr Ihre Kunden:<\/b><\/span><\/p>\n<ol start=\"1\" data-path-to-node=\"26\">\n<li>\n<p data-path-to-node=\"26,0,0\"><span style=\"color: #000000;\"><b data-path-to-node=\"26,0,0\" data-index-in-node=\"0\">Sulfatfrei ist Pflicht:<\/b> Kupferpigmente sind gr\u00f6\u00dfer und entweichen dem Haarschaft leichter. Sulfatfreie Shampoos sind ein Muss, um die Farbe zu versiegeln.<\/span><\/p>\n<\/li>\n<li>\n<p data-path-to-node=\"26,1,0\"><span style=\"color: #000000;\"><b data-path-to-node=\"26,1,0\" data-index-in-node=\"0\">UV-Schutz:<\/b> Empfehlen Sie ein Haarspray mit UV-Filtern, um zu verhindern, dass die Sonne das Kupfer in ein stumpfes Orange ausbleicht.<\/span><\/p>\n<\/li>\n<li>\n<p data-path-to-node=\"26,2,0\"><span style=\"color: #000000;\"><b data-path-to-node=\"26,2,0\" data-index-in-node=\"0\">Feuchtigkeit:<\/b> Da Kupfert\u00f6ne am besten wirken, wenn sie gl\u00e4nzen, wird die regelm\u00e4\u00dfige Anwendung von leichten nat\u00fcrlichen \u00d6len (wie Argan- oder Jojoba\u00f6l) empfohlen.<\/span><\/p>\n<\/li>\n<\/ol>\n<p><img decoding=\"async\" class=\"size-full wp-image-29809\" src=\"http:\/\/sheenhairvietnam.com\/wp-content\/uploads\/2024\/04\/Copper-Bulk.jpg\" alt=\"Radiante Cabello Cobrizo color en cabello 100% Raw Vietnamita \u2013 Brillo que dura todo el verano.\" width=\"1200\" height=\"675\" title=\"\" srcset=\"https:\/\/sheenhairvietnam.com\/wp-content\/uploads\/2024\/04\/Copper-Bulk.jpg 1200w, https:\/\/sheenhairvietnam.com\/wp-content\/uploads\/2024\/04\/Copper-Bulk-300x169.jpg 300w, https:\/\/sheenhairvietnam.com\/wp-content\/uploads\/2024\/04\/Copper-Bulk-1024x576.jpg 1024w, https:\/\/sheenhairvietnam.com\/wp-content\/uploads\/2024\/04\/Copper-Bulk-768x432.jpg 768w, https:\/\/sheenhairvietnam.com\/wp-content\/uploads\/2024\/04\/Copper-Bulk-600x338.jpg 600w\" sizes=\"(max-width: 1200px) 100vw, 1200px\" \/><\/p>\n<hr data-path-to-node=\"27\" \/>\n<h2 data-path-to-node=\"28\"><span style=\"color: #000000;\">5. Das Gesch\u00e4ftsmodell f\u00fcr Distributoren<\/span><\/h2>\n<p data-path-to-node=\"29\"><span style=\"color: #000000;\">Warum sollte ein Distributor 22-Zoll Kupferfarbene Haarfarbe auf Lager haben? Es geht um die <b data-path-to-node=\"29\" data-index-in-node=\"89\">Gewinnspanne<\/b>.<\/span><\/p>\n<p data-path-to-node=\"30\"><span style=\"color: #000000;\">Kupfer ist ein \u201ewartungsintensiver\u201c Trend, was bedeutet, dass Kunden h\u00e4ufiger in den Salon zur\u00fcckkehren, um die Farbe aufzufrischen. Indem Sie das Haar liefern, werden Sie zum prim\u00e4ren Partner f\u00fcr die lukrativsten Kunden des Salons. Zudem erm\u00f6glichen unsere Bulk-Bundles den Verkauf an eine breite Palette von Stylisten \u2013 von Flecht-Spezialisten bis hin zu Profis f\u00fcr High-End-Fusion-Extensions.<\/span><\/p>\n<hr data-path-to-node=\"31\" \/>\n<h2 data-path-to-node=\"32\"><span style=\"color: #000000;\">6. Globale Logistik: Trends direkt an Ihre T\u00fcr<\/span><\/h2>\n<p data-path-to-node=\"33\"><span style=\"color: #000000;\">Egal, ob Sie in <b data-path-to-node=\"33\" data-index-in-node=\"16\">Deutschland, \u00d6sterreich oder der Schweiz<\/b> ans\u00e4ssig sind, Sheen Hair Vietnam garantiert eine p\u00fcnktliche Lieferung Ihres Sommerinventars.<\/span><\/p>\n<ul data-path-to-node=\"34\">\n<li>\n<p data-path-to-node=\"34,0,0\"><span style=\"color: #000000;\"><b data-path-to-node=\"34,0,0\" data-index-in-node=\"0\">Schnelle Produktion:<\/b> Wir verf\u00fcgen \u00fcber einen stetigen Vorrat an Raw-Haar, was es uns erm\u00f6glicht, individuelle Farbauftr\u00e4ge wie Copper in ca. <b data-path-to-node=\"34,0,0\" data-index-in-node=\"141\">7\u201310 Werktagen<\/b> zu bearbeiten.<\/span><\/p>\n<\/li>\n<li>\n<p data-path-to-node=\"34,1,0\"><span style=\"color: #000000;\"><b data-path-to-node=\"34,1,0\" data-index-in-node=\"0\">Zuverl\u00e4ssiger Versand:<\/b> Wir arbeiten mit DHL, FedEx und UPS zusammen, um sicherzustellen, dass Ihre Ware in <b data-path-to-node=\"34,1,0\" data-index-in-node=\"107\">5\u20137 Werktagen<\/b> bei Ihnen eintrifft.<\/span><\/p>\n<\/li>\n<li>\n<p data-path-to-node=\"34,2,0\"><span style=\"color: #000000;\"><b data-path-to-node=\"34,2,0\" data-index-in-node=\"0\">Zollabwicklung:<\/b> Wir erstellen die Dokumente mit einem niedrigeren deklarierten Wert, um Ihre Importkosten zu minimieren und Ihre Wettbewerbsf\u00e4higkeit zu sichern.<\/span><\/p>\n<\/li>\n<\/ul>\n<hr data-path-to-node=\"42\" \/>\n<h2 data-path-to-node=\"43\"><span style=\"color: #000000;\">Bauen Sie eine langfristige Partnerschaft mit Sheen Hair auf<\/span><\/h2>\n<p data-path-to-node=\"44\"><span style=\"color: #000000;\">Der Aufbau eines erfolgreichen Salons erfordert eine <b data-path-to-node=\"44\" data-index-in-node=\"53\">Haarfabrik, der man vertrauen kann<\/b> und die das Gleichgewicht zwischen Trend und Qualit\u00e4t versteht. Bei Sheen Hair Vietnam liefern wir nicht nur Kupferfarbene Haarfarbe, sondern ein Versprechen f\u00fcr Stabilit\u00e4t und Exzellenz.<\/span><\/p>\n<p data-path-to-node=\"45\"><span style=\"color: #000000;\"><b data-path-to-node=\"45\" data-index-in-node=\"0\">Starten Sie die Sommersaison mit einer Musterbestellung (300g+) und \u00fcberzeugen Sie sich selbst.<\/b><\/span><\/p>\n<p data-path-to-node=\"46\"><span style=\"color: #000000;\">\ud83d\udcf2 <b data-path-to-node=\"46\" data-index-in-node=\"42\">WhatsApp:<\/b> +84 96 595 2126<\/span><\/p>\n<p data-path-to-node=\"46\"><a href=\"https:\/\/www.instagram.com\/reel\/DXa9XXuD8Q1\/?utm_source=ig_web_copy_link&amp;igsh=MzRlODBiNWFlZA==\" target=\"_blank\" rel=\"noopener\"><span style=\"color: #000000;\">\ud83d\udcf8 <b data-path-to-node=\"46\" data-index-in-node=\"71\">Instagram:<\/b> @Sheenhair_Vietnam<\/span><\/a><\/p>\n<p data-path-to-node=\"46\"><a href=\"https:\/\/sheenhairvietnam.com\/de\/virgin-hair-factory-zu-finden-hair-supplier\/\"><span style=\"color: #000000;\">\ud83c\udf10 <b data-path-to-node=\"46\" data-index-in-node=\"104\">Webseite:<\/b> sheenhairvietnam.com<\/span><\/a><\/p>\n<hr data-path-to-node=\"47\" \/>\n<h3 data-path-to-node=\"48\"><span style=\"color: #000000;\"><b data-path-to-node=\"48\" data-index-in-node=\"0\">Kontaktieren Sie uns jetzt auf WhatsApp:<\/b><\/span><\/h3>\n<\/div>\n<div class=\"whatsapp-contact\" style=\"margin: 20px 0; text-align: center;\"><a style=\"background-color: #25d366; color: white; padding: 12px 25px; border-radius: 50px; text-decoration: none; font-weight: bold; display: inline-flex; align-items: center; font-family: Arial, sans-serif;\" href=\"https:\/\/wa.me\/84965952126?text=Hallo%20Sheen%20Hair,%20ich%20interessiere%20mich%20f%C3%BCr%20Ihr%20Echthaar-Gro%C3%9Fhandelsangebot.\" target=\"_blank\" rel=\"noopener\"><br \/>\n<img decoding=\"async\" style=\"margin-right: 10px;\" src=\"https:\/\/cdn-icons-png.flaticon.com\/512\/733\/733585.png\" width=\"20\" alt=\"\" title=\"\">Beratung mit einer zuverl\u00e4ssigen Echthaar-Fabrik via WhatsApp<br \/>\n<\/a><\/div>\n","protected":false},"excerpt":{"rendered":"<div><a href=\"https:\/\/www.instagram.com\/reel\/DXa9XXuD8Q1\/?utm_source=ig_web_copy_link&amp;igsh=MzRlODBiNWFlZA==\"><span style=\"color: #000000;\">Kupferfarbene Haarb\u00fcndel \u2013 Trendfarbe 2025 von Sheen Hair Vietnam<\/span><\/a><\/div>\n<div><span style=\"color: #000000;\">L\u00e4nge: 55 cm<\/span><\/div>\n<div><\/div>\n<div><span style=\"color: #000000;\">Farbe: Cobrizo (#7.43)<\/span><\/div>\n<div><\/div>\n<div><span style=\"color: #000000;\">Stil: Nat\u00fcrlich<\/span><\/div>\n<div class=\"whatsapp-contact\" style=\"margin: 20px 0; text-align: center;\"><a style=\"background-color: #25d366; color: white; padding: 12px 25px; border-radius: 50px; text-decoration: none; font-weight: bold; display: inline-flex; align-items: center; font-family: Arial, sans-serif;\" href=\"https:\/\/wa.me\/84965952126?text=Hallo%20Sheen%20Hair,%20ich%20interessiere%20mich%20f%C3%BCr%20Ihr%20Echthaar-Gro%C3%9Fhandelsangebot.\" target=\"_blank\" rel=\"noopener\"><br \/>\n<img decoding=\"async\" style=\"margin-right: 10px;\" src=\"https:\/\/cdn-icons-png.flaticon.com\/512\/733\/733585.png\" width=\"20\" \/>Beratung mit einer zuverl\u00e4ssigen Echthaar-Fabrik via WhatsApp<br \/>\n<\/a><\/div>\n","protected":false},"featured_media":27859,"comment_status":"open","ping_status":"closed","template":"","meta":[],"product_brand":[],"product_cat":[487,495],"product_tag":[2481,2308,2307,2309,2310,2305,2482,2405,2312,2401,2480,2404],"class_list":{"0":"post-29812","1":"product","2":"type-product","3":"status-publish","4":"has-post-thumbnail","6":"product_cat-bulk-hair-de","7":"product_cat-hair-colors-de","8":"product_tag-extensions-de","9":"product_tag-grosshandelspreis","10":"product_tag-haar-im-grosshandel","11":"product_tag-haarfabrik","12":"product_tag-haarlieferant","13":"product_tag-haarverlaengerungen","14":"product_tag-hair-extensions-de","15":"product_tag-hair-factory-de","16":"product_tag-hochwertiges-haar","17":"product_tag-human-hair-de","18":"product_tag-kupferfarbene-haarfarbe","19":"product_tag-wholesale-hair-de","21":"first","22":"instock","23":"featured","24":"shipping-taxable","25":"purchasable","26":"product-type-simple"},"_links":{"self":[{"href":"https:\/\/sheenhairvietnam.com\/de\/wp-json\/wp\/v2\/product\/29812","targetHints":{"allow":["GET"]}}],"collection":[{"href":"https:\/\/sheenhairvietnam.com\/de\/wp-json\/wp\/v2\/product"}],"about":[{"href":"https:\/\/sheenhairvietnam.com\/de\/wp-json\/wp\/v2\/types\/product"}],"replies":[{"embeddable":true,"href":"https:\/\/sheenhairvietnam.com\/de\/wp-json\/wp\/v2\/comments?post=29812"}],"wp:featuredmedia":[{"embeddable":true,"href":"https:\/\/sheenhairvietnam.com\/de\/wp-json\/wp\/v2\/media\/27859"}],"wp:attachment":[{"href":"https:\/\/sheenhairvietnam.com\/de\/wp-json\/wp\/v2\/media?parent=29812"}],"wp:term":[{"taxonomy":"product_brand","embeddable":true,"href":"https:\/\/sheenhairvietnam.com\/de\/wp-json\/wp\/v2\/product_brand?post=29812"},{"taxonomy":"product_cat","embeddable":true,"href":"https:\/\/sheenhairvietnam.com\/de\/wp-json\/wp\/v2\/product_cat?post=29812"},{"taxonomy":"product_tag","embeddable":true,"href":"https:\/\/sheenhairvietnam.com\/de\/wp-json\/wp\/v2\/product_tag?post=29812"}],"curies":[{"name":"wp","href":"https:\/\/api.w.org\/{rel}","templated":true}]}}